{"id":1144,"date":"2024-08-07T15:09:18","date_gmt":"2024-08-07T13:09:18","guid":{"rendered":"https:\/\/fishdoner.com\/?page_id=1144"},"modified":"2024-11-15T08:48:34","modified_gmt":"2024-11-15T07:48:34","slug":"datenschutzerklaerung-tuerkisch","status":"publish","type":"page","link":"https:\/\/fishdoner.com\/?page_id=1144","title":{"rendered":"Datenschutzerkl\u00e4rung t\u00fcrkisch"},"content":{"rendered":"\t\t<div data-elementor-type=\"wp-page\" data-elementor-id=\"1144\" class=\"elementor elementor-1144\" data-elementor-post-type=\"page\">\n\t\t\t\t<div class=\"elementor-element elementor-element-bd62e14 e-flex e-con-boxed e-con e-parent\" data-id=\"bd62e14\" data-element_type=\"container\" data-settings=\"{&quot;background_background&quot;:&quot;classic&quot;}\">\n\t\t\t\t\t<div class=\"e-con-inner\">\n\t\t\t\t\t<\/div>\n\t\t\t\t<\/div>\n\t\t<div class=\"elementor-element elementor-element-e81945a e-flex e-con-boxed e-con e-parent\" data-id=\"e81945a\" data-element_type=\"container\">\n\t\t\t\t\t<div class=\"e-con-inner\">\n\t\t\t\t<div class=\"elementor-element elementor-element-4ce109b elementor-widget elementor-widget-heading\" data-id=\"4ce109b\" data-element_type=\"widget\" data-widget_type=\"heading.default\">\n\t\t\t\t<div class=\"elementor-widget-container\">\n\t\t\t<h2 class=\"elementor-heading-title elementor-size-default\">Gizlilik<br>Politikas\u0131<span style=\"color: #dedd14\">.<\/span><\/h2>\t\t<\/div>\n\t\t\t\t<\/div>\n\t\t\t\t\t<\/div>\n\t\t\t\t<\/div>\n\t\t<div class=\"elementor-element elementor-element-584f60d elementor-hidden-desktop elementor-hidden-laptop elementor-hidden-tablet e-flex e-con-boxed e-con e-parent\" data-id=\"584f60d\" data-element_type=\"container\">\n\t\t\t\t\t<div class=\"e-con-inner\">\n\t\t\t\t<div class=\"elementor-element elementor-element-180c9cc elementor-widget elementor-widget-text-editor\" data-id=\"180c9cc\" data-element_type=\"widget\" data-widget_type=\"text-editor.default\">\n\t\t\t\t<div class=\"elementor-widget-container\">\n\t\t\t\t\t\t\t<h6>Kim oldu\u011fumuz<\/h6><p>Web sitemizin adresi:\u00a0<a href=\"https:\/\/fishdoner.com\/\">https:\/\/fishdoner.com<\/a>.<\/p><h6><strong>Veri Sorumlusu:<\/strong><\/h6><p>Limon GmbH, B\u00f6hlstrasse 5, 9055 B\u00fchler AR, \u0130svi\u00e7re, +41 78 604 32 23, info[at]fishdoner.ch.<br \/>Veri Koruma G\u00f6revlisi Mahmut \u00d6zdemir&#8217;dir ve yukar\u0131daki adres ve e-posta \u00fczerinden ula\u015f\u0131labilir.<\/p><h6>Yorumlar<\/h6><p>Ziyaret\u00e7iler web sitesinde yorum b\u0131rakt\u0131\u011f\u0131nda, yorum formunda g\u00f6r\u00fcnen verileri, ziyaret\u00e7inin IP adresini ve taray\u0131c\u0131y\u0131 tan\u0131mlayan User-Agent dizgisini toplar\u0131z. Bu, spam tespitine yard\u0131mc\u0131 olur.<\/p><p>E-posta adresinizden anonimle\u015ftirilmi\u015f bir dize (hash olarak da bilinir) olu\u015fturulabilir ve bu dize, Gravatar hizmetini kullan\u0131p kullanmad\u0131\u011f\u0131n\u0131z\u0131 kontrol etmek i\u00e7in g\u00f6nderilebilir. Gravatar hizmetinin gizlilik politikas\u0131na\u00a0<a href=\"https:\/\/automattic.com\/privacy\/\">buradan<\/a>ula\u015fabilirsiniz. Yorumunuz onayland\u0131\u011f\u0131nda, profil resminiz yorumunuzun ba\u011flam\u0131nda halka a\u00e7\u0131k olarak g\u00f6r\u00fcn\u00fcr.<\/p><h6>Medya<\/h6><p>Kay\u0131tl\u0131 bir kullan\u0131c\u0131ysan\u0131z ve bu web sitesine foto\u011fraf y\u00fcklerseniz, EXIF-GPS konum verileri i\u00e7eren foto\u011fraflar y\u00fcklemekten ka\u00e7\u0131nmal\u0131s\u0131n\u0131z. Web sitesi ziyaret\u00e7ileri, bu sitede saklanan foto\u011fraflar\u0131 indirebilir ve konum bilgilerini \u00e7\u0131karabilir.<\/p><h6>\u00c7erezler<\/h6><p>Web sitemizde bir yorum yazd\u0131\u011f\u0131n\u0131zda, ad\u0131n\u0131z, e-posta adresiniz ve web siteniz \u00e7erezlerde saklanabilir. Bu, ba\u015fka bir yorum yazd\u0131\u011f\u0131n\u0131zda bu verileri yeniden girmenizin gerekmemesi i\u00e7in size kolayl\u0131k sa\u011flar. Bu \u00e7erezler bir y\u0131l s\u00fcreyle saklan\u0131r.<\/p><p>Bir hesab\u0131n\u0131z varsa ve bu web sitesine giri\u015f yaparsan\u0131z, taray\u0131c\u0131n\u0131z\u0131n \u00e7erezleri kabul edip etmedi\u011fini belirlemek i\u00e7in ge\u00e7ici bir \u00e7erez ayarlar\u0131z. Bu \u00e7erez ki\u015fisel veri i\u00e7ermez ve taray\u0131c\u0131n\u0131z\u0131 kapatt\u0131\u011f\u0131n\u0131zda silinir.<\/p><p>Giri\u015f yapt\u0131\u011f\u0131n\u0131zda, giri\u015f bilgileriniz ve g\u00f6r\u00fcnt\u00fcleme se\u00e7eneklerinizi saklamak i\u00e7in baz\u0131 \u00e7erezler ayarlar\u0131z. Giri\u015f \u00e7erezleri iki g\u00fcn sonra ge\u00e7erlili\u011fini yitirir ve g\u00f6r\u00fcnt\u00fcleme se\u00e7enekleri \u00e7erezleri bir y\u0131l s\u00fcresince ge\u00e7erlidir. \u201cBeni hat\u0131rla\u201d se\u00e7ene\u011fini se\u00e7erseniz, giri\u015finiz iki hafta boyunca devam eder. Hesab\u0131n\u0131zdan \u00e7\u0131k\u0131\u015f yapt\u0131\u011f\u0131n\u0131zda, giri\u015f \u00e7erezleri silinir.<\/p><p>Bir makale d\u00fczenledi\u011finiz veya yay\u0131mlad\u0131\u011f\u0131n\u0131zda, taray\u0131c\u0131n\u0131zda ek bir \u00e7erez saklan\u0131r. Bu \u00e7erez ki\u015fisel veri i\u00e7ermez ve yaln\u0131zca d\u00fczenledi\u011finiz makalenin kimlik numaras\u0131na i\u015faret eder. \u00c7erez bir g\u00fcn sonra ge\u00e7erlili\u011fini yitirir.<\/p><h6>Di\u011fer Web Sitelerinden G\u00f6m\u00fcl\u00fc \u0130\u00e7erikler<\/h6><p>Bu sitedeki g\u00f6nderiler, g\u00f6m\u00fcl\u00fc i\u00e7erikler (\u00f6rne\u011fin videolar, resimler, g\u00f6nderiler vb.) i\u00e7erebilir. Di\u011fer web sitelerinden g\u00f6m\u00fcl\u00fc i\u00e7erikler, ziyaret\u00e7inin o di\u011fer web sitesini ziyaret etmi\u015f gibi davran\u0131r.<\/p><p>Bu web siteleri, sizinle ilgili veri toplayabilir, \u00e7erezler kullanabilir, \u00fc\u00e7\u00fcnc\u00fc taraf takip hizmetleri ekleyebilir ve g\u00f6m\u00fcl\u00fc i\u00e7erik ile etkile\u015fiminizi kaydedebilir, bu da hesab\u0131n\u0131z varsa ve o sitede giri\u015f yapt\u0131ysan\u0131z, etkile\u015fiminizi i\u00e7erir.<\/p><h6>Verilerinizi Kiminle Payla\u015f\u0131yoruz<\/h6><p>Bir \u015fifre s\u0131f\u0131rlama talebi g\u00f6nderirseniz, IP adresiniz s\u0131f\u0131rlama e-postas\u0131nda yer alacakt\u0131r.<\/p><h6>Verilerinizi Ne Kadar S\u00fcre Sakl\u0131yoruz<\/h6><p>Bir yorum yazd\u0131\u011f\u0131n\u0131zda, bu yorum ve meta verileri s\u00fcresiz olarak saklan\u0131r. B\u00f6ylece takip eden yorumlar\u0131 otomatik olarak tan\u0131y\u0131p onaylayabiliriz, onlar\u0131 bir moderasyon kuyru\u011funda bekletmek yerine.<\/p><p>Web sitemize kaydolan kullan\u0131c\u0131lar i\u00e7in, kullan\u0131c\u0131 profillerinde verdikleri ki\u015fisel bilgileri de saklar\u0131z. T\u00fcm kullan\u0131c\u0131lar, ki\u015fisel bilgilerini her zaman g\u00f6r\u00fcnt\u00fcleyebilir, de\u011fi\u015ftirebilir veya silebilir (kullan\u0131c\u0131 ad\u0131 de\u011fi\u015ftirilemez). Web sitesi y\u00f6neticileri bu bilgileri de g\u00f6r\u00fcnt\u00fcleyebilir ve de\u011fi\u015ftirebilir.<\/p><h6>Verileriniz \u00dczerindeki Haklar\u0131n\u0131z<\/h6><p>Bu web sitesinde bir hesab\u0131n\u0131z varsa veya yorumlar yazm\u0131\u015fsan\u0131z, ki\u015fisel verilerinizin bir ihrac\u0131n\u0131 talep edebilirsiniz, size sa\u011flad\u0131\u011f\u0131n\u0131z t\u00fcm veriler dahil. Ayr\u0131ca, bizim taraf\u0131m\u0131zdan saklanan t\u00fcm ki\u015fisel verilerin silinmesini talep edebilirsiniz. Bu, idari, yasal veya g\u00fcvenlik gerek\u00e7eleriyle saklanmas\u0131 gereken verileri kapsamaz.<\/p><h3>Verilerinizin Nereye G\u00f6nderildi\u011fi<\/h3><p>Ziyaret\u00e7i yorumlar\u0131, bir otomatik spam tespit hizmeti taraf\u0131ndan incelenebilir.<\/p><h6>\u0130\u015fleme Hukuki Temelleri<\/h6><p>Verilerinizi, r\u0131zan\u0131z (Madde 6(1)(a) GDPR), bir s\u00f6zle\u015fmenin yerine getirilmesi (Madde 6(1)(b) GDPR), yasal bir y\u00fck\u00fcml\u00fcl\u00fc\u011f\u00fcn yerine getirilmesi (Madde 6(1)(c) GDPR) veya me\u015fru menfaatlerimiz (Madde 6(1)(f) GDPR) temelinde i\u015fliyoruz.<\/p><h6>\u00dc\u00e7\u00fcnc\u00fc \u00dclkelere Veri Aktar\u0131m\u0131<\/h6><p>Ki\u015fisel verilerinizin \u00fc\u00e7\u00fcnc\u00fc \u00fclkelere aktar\u0131m\u0131 yaln\u0131zca s\u00f6zle\u015fmesel y\u00fck\u00fcml\u00fcl\u00fcklerimizi yerine getirmek i\u00e7in gerekli oldu\u011funda, onay verdi\u011finizde veya yasal bir y\u00fck\u00fcml\u00fcl\u00fck mevcut oldu\u011funda ger\u00e7ekle\u015fir. Veri aktar\u0131m\u0131n\u0131n yasal veri koruma d\u00fczenlemelerine uygun olarak ve gerekli koruma \u00f6nlemleri ile ger\u00e7ekle\u015ftirildi\u011fini garanti ederiz.<\/p><h6>Bir Denetim Kurumuna \u015eikayet Hakk\u0131<\/h6><p>Ki\u015fisel verilerinizin i\u015flenmesi hakk\u0131nda bir denetim kurumuna \u015fikayette bulunma hakk\u0131na sahipsiniz.<\/p><h6>G\u00fcvenlik \u00d6nlemleri<\/h6><p>Y\u00f6netimimiz alt\u0131ndaki verileri kazara veya kas\u0131tl\u0131 olarak manip\u00fclasyona, kayba, yok olmaya veya yetkisiz ki\u015filerin eri\u015fimine kar\u015f\u0131 korumak i\u00e7in teknik ve organizasyonel g\u00fcvenlik \u00f6nlemleri uygular\u0131z. G\u00fcvenlik \u00f6nlemlerimiz teknolojik geli\u015fmelere g\u00f6re s\u00fcrekli olarak iyile\u015ftirilir.<\/p><h6>Otomatik Karar Verme ve Profil Olu\u015fturma<\/h6><p>Madde 22 GDPR uyar\u0131nca otomatik karar verme veya profil olu\u015fturma ger\u00e7ekle\u015fmez.<\/p><h6>\u0130leti\u015fim Bilgileri<\/h6><p>Gizlilik konusundaki sorular\u0131n\u0131z i\u00e7in bize \u015fu adresten ula\u015fabilirsiniz:<\/p><p>Limon GmbH, B\u00f6hlstrasse 5, 9055 B\u00fchler AR, \u0130svi\u00e7re, +41 78 604 32 23, info[at]fishdoner.ch.<\/p>\t\t\t\t\t\t<\/div>\n\t\t\t\t<\/div>\n\t\t\t\t\t<\/div>\n\t\t\t\t<\/div>\n\t\t<div class=\"elementor-element elementor-element-56225185 e-flex e-con-boxed e-con e-parent\" data-id=\"56225185\" data-element_type=\"container\">\n\t\t\t\t\t<div class=\"e-con-inner\">\n\t\t\t\t<div class=\"elementor-element elementor-element-12322e5c elementor-hidden-mobile elementor-widget elementor-widget-text-editor\" data-id=\"12322e5c\" data-element_type=\"widget\" data-widget_type=\"text-editor.default\">\n\t\t\t\t<div class=\"elementor-widget-container\">\n\t\t\t\t\t\t\t<h6>Kim oldu\u011fumuz<\/h6><p>Web sitemizin adresi:\u00a0<a href=\"https:\/\/fishdoner.com\/\">https:\/\/fishdoner.com<\/a>.<\/p><h6><strong>Veri Sorumlusu:<\/strong><\/h6><p>Limon GmbH, B\u00f6hlstrasse 5, 9055 B\u00fchler AR, \u0130svi\u00e7re, +41 78 604 32 23, info[at]fishdoner.ch.<br \/>Veri Koruma G\u00f6revlisi Mahmut \u00d6zdemir&#8217;dir ve yukar\u0131daki adres ve e-posta \u00fczerinden ula\u015f\u0131labilir.<\/p><h6>Yorumlar<\/h6><p>Ziyaret\u00e7iler web sitesinde yorum b\u0131rakt\u0131\u011f\u0131nda, yorum formunda g\u00f6r\u00fcnen verileri, ziyaret\u00e7inin IP adresini ve taray\u0131c\u0131y\u0131 tan\u0131mlayan User-Agent dizgisini toplar\u0131z. Bu, spam tespitine yard\u0131mc\u0131 olur.<\/p><p>E-posta adresinizden anonimle\u015ftirilmi\u015f bir dize (hash olarak da bilinir) olu\u015fturulabilir ve bu dize, Gravatar hizmetini kullan\u0131p kullanmad\u0131\u011f\u0131n\u0131z\u0131 kontrol etmek i\u00e7in g\u00f6nderilebilir. Gravatar hizmetinin gizlilik politikas\u0131na\u00a0<a href=\"https:\/\/automattic.com\/privacy\/\">buradan<\/a>ula\u015fabilirsiniz. Yorumunuz onayland\u0131\u011f\u0131nda, profil resminiz yorumunuzun ba\u011flam\u0131nda halka a\u00e7\u0131k olarak g\u00f6r\u00fcn\u00fcr.<\/p><h6>Medya<\/h6><p>Kay\u0131tl\u0131 bir kullan\u0131c\u0131ysan\u0131z ve bu web sitesine foto\u011fraf y\u00fcklerseniz, EXIF-GPS konum verileri i\u00e7eren foto\u011fraflar y\u00fcklemekten ka\u00e7\u0131nmal\u0131s\u0131n\u0131z. Web sitesi ziyaret\u00e7ileri, bu sitede saklanan foto\u011fraflar\u0131 indirebilir ve konum bilgilerini \u00e7\u0131karabilir.<\/p><h6>\u00c7erezler<\/h6><p>Web sitemizde bir yorum yazd\u0131\u011f\u0131n\u0131zda, ad\u0131n\u0131z, e-posta adresiniz ve web siteniz \u00e7erezlerde saklanabilir. Bu, ba\u015fka bir yorum yazd\u0131\u011f\u0131n\u0131zda bu verileri yeniden girmenizin gerekmemesi i\u00e7in size kolayl\u0131k sa\u011flar. Bu \u00e7erezler bir y\u0131l s\u00fcreyle saklan\u0131r.<\/p><p>Bir hesab\u0131n\u0131z varsa ve bu web sitesine giri\u015f yaparsan\u0131z, taray\u0131c\u0131n\u0131z\u0131n \u00e7erezleri kabul edip etmedi\u011fini belirlemek i\u00e7in ge\u00e7ici bir \u00e7erez ayarlar\u0131z. Bu \u00e7erez ki\u015fisel veri i\u00e7ermez ve taray\u0131c\u0131n\u0131z\u0131 kapatt\u0131\u011f\u0131n\u0131zda silinir.<\/p><p>Giri\u015f yapt\u0131\u011f\u0131n\u0131zda, giri\u015f bilgileriniz ve g\u00f6r\u00fcnt\u00fcleme se\u00e7eneklerinizi saklamak i\u00e7in baz\u0131 \u00e7erezler ayarlar\u0131z. Giri\u015f \u00e7erezleri iki g\u00fcn sonra ge\u00e7erlili\u011fini yitirir ve g\u00f6r\u00fcnt\u00fcleme se\u00e7enekleri \u00e7erezleri bir y\u0131l s\u00fcresince ge\u00e7erlidir. \u201cBeni hat\u0131rla\u201d se\u00e7ene\u011fini se\u00e7erseniz, giri\u015finiz iki hafta boyunca devam eder. Hesab\u0131n\u0131zdan \u00e7\u0131k\u0131\u015f yapt\u0131\u011f\u0131n\u0131zda, giri\u015f \u00e7erezleri silinir.<\/p><p>Bir makale d\u00fczenledi\u011finiz veya yay\u0131mlad\u0131\u011f\u0131n\u0131zda, taray\u0131c\u0131n\u0131zda ek bir \u00e7erez saklan\u0131r. Bu \u00e7erez ki\u015fisel veri i\u00e7ermez ve yaln\u0131zca d\u00fczenledi\u011finiz makalenin kimlik numaras\u0131na i\u015faret eder. \u00c7erez bir g\u00fcn sonra ge\u00e7erlili\u011fini yitirir.<\/p><h6>Di\u011fer Web Sitelerinden G\u00f6m\u00fcl\u00fc \u0130\u00e7erikler<\/h6><p>Bu sitedeki g\u00f6nderiler, g\u00f6m\u00fcl\u00fc i\u00e7erikler (\u00f6rne\u011fin videolar, resimler, g\u00f6nderiler vb.) i\u00e7erebilir. Di\u011fer web sitelerinden g\u00f6m\u00fcl\u00fc i\u00e7erikler, ziyaret\u00e7inin o di\u011fer web sitesini ziyaret etmi\u015f gibi davran\u0131r.<\/p><p>Bu web siteleri, sizinle ilgili veri toplayabilir, \u00e7erezler kullanabilir, \u00fc\u00e7\u00fcnc\u00fc taraf takip hizmetleri ekleyebilir ve g\u00f6m\u00fcl\u00fc i\u00e7erik ile etkile\u015fiminizi kaydedebilir, bu da hesab\u0131n\u0131z varsa ve o sitede giri\u015f yapt\u0131ysan\u0131z, etkile\u015fiminizi i\u00e7erir.<\/p><h6>Verilerinizi Kiminle Payla\u015f\u0131yoruz<\/h6><p>Bir \u015fifre s\u0131f\u0131rlama talebi g\u00f6nderirseniz, IP adresiniz s\u0131f\u0131rlama e-postas\u0131nda yer alacakt\u0131r.<\/p><h6>Verilerinizi Ne Kadar S\u00fcre Sakl\u0131yoruz<\/h6><p>Bir yorum yazd\u0131\u011f\u0131n\u0131zda, bu yorum ve meta verileri s\u00fcresiz olarak saklan\u0131r. B\u00f6ylece takip eden yorumlar\u0131 otomatik olarak tan\u0131y\u0131p onaylayabiliriz, onlar\u0131 bir moderasyon kuyru\u011funda bekletmek yerine.<\/p><p>Web sitemize kaydolan kullan\u0131c\u0131lar i\u00e7in, kullan\u0131c\u0131 profillerinde verdikleri ki\u015fisel bilgileri de saklar\u0131z. T\u00fcm kullan\u0131c\u0131lar, ki\u015fisel bilgilerini her zaman g\u00f6r\u00fcnt\u00fcleyebilir, de\u011fi\u015ftirebilir veya silebilir (kullan\u0131c\u0131 ad\u0131 de\u011fi\u015ftirilemez). Web sitesi y\u00f6neticileri bu bilgileri de g\u00f6r\u00fcnt\u00fcleyebilir ve de\u011fi\u015ftirebilir.<\/p><h6>Verileriniz \u00dczerindeki Haklar\u0131n\u0131z<\/h6><p>Bu web sitesinde bir hesab\u0131n\u0131z varsa veya yorumlar yazm\u0131\u015fsan\u0131z, ki\u015fisel verilerinizin bir ihrac\u0131n\u0131 talep edebilirsiniz, size sa\u011flad\u0131\u011f\u0131n\u0131z t\u00fcm veriler dahil. Ayr\u0131ca, bizim taraf\u0131m\u0131zdan saklanan t\u00fcm ki\u015fisel verilerin silinmesini talep edebilirsiniz. Bu, idari, yasal veya g\u00fcvenlik gerek\u00e7eleriyle saklanmas\u0131 gereken verileri kapsamaz.<\/p><h6>Verilerinizin Nereye G\u00f6nderildi\u011fi<\/h6><p>Ziyaret\u00e7i yorumlar\u0131, bir otomatik spam tespit hizmeti taraf\u0131ndan incelenebilir.<\/p><h6>\u0130\u015fleme Hukuki Temelleri<\/h6><p>Verilerinizi, r\u0131zan\u0131z (Madde 6(1)(a) GDPR), bir s\u00f6zle\u015fmenin yerine getirilmesi (Madde 6(1)(b) GDPR), yasal bir y\u00fck\u00fcml\u00fcl\u00fc\u011f\u00fcn yerine getirilmesi (Madde 6(1)(c) GDPR) veya me\u015fru menfaatlerimiz (Madde 6(1)(f) GDPR) temelinde i\u015fliyoruz.<\/p><h6>\u00dc\u00e7\u00fcnc\u00fc \u00dclkelere Veri Aktar\u0131m\u0131<\/h6><p>Ki\u015fisel verilerinizin \u00fc\u00e7\u00fcnc\u00fc \u00fclkelere aktar\u0131m\u0131 yaln\u0131zca s\u00f6zle\u015fmesel y\u00fck\u00fcml\u00fcl\u00fcklerimizi yerine getirmek i\u00e7in gerekli oldu\u011funda, onay verdi\u011finizde veya yasal bir y\u00fck\u00fcml\u00fcl\u00fck mevcut oldu\u011funda ger\u00e7ekle\u015fir. Veri aktar\u0131m\u0131n\u0131n yasal veri koruma d\u00fczenlemelerine uygun olarak ve gerekli koruma \u00f6nlemleri ile ger\u00e7ekle\u015ftirildi\u011fini garanti ederiz.<\/p><h6>Bir Denetim Kurumuna \u015eikayet Hakk\u0131<\/h6><p>Ki\u015fisel verilerinizin i\u015flenmesi hakk\u0131nda bir denetim kurumuna \u015fikayette bulunma hakk\u0131na sahipsiniz.<\/p><h6>G\u00fcvenlik \u00d6nlemleri<\/h6><p>Y\u00f6netimimiz alt\u0131ndaki verileri kazara veya kas\u0131tl\u0131 olarak manip\u00fclasyona, kayba, yok olmaya veya yetkisiz ki\u015filerin eri\u015fimine kar\u015f\u0131 korumak i\u00e7in teknik ve organizasyonel g\u00fcvenlik \u00f6nlemleri uygular\u0131z. G\u00fcvenlik \u00f6nlemlerimiz teknolojik geli\u015fmelere g\u00f6re s\u00fcrekli olarak iyile\u015ftirilir.<\/p><h6>Otomatik Karar Verme ve Profil Olu\u015fturma<\/h6><p>Madde 22 GDPR uyar\u0131nca otomatik karar verme veya profil olu\u015fturma ger\u00e7ekle\u015fmez.<\/p><h6>\u0130leti\u015fim Bilgileri<\/h6><p>Gizlilik konusundaki sorular\u0131n\u0131z i\u00e7in bize \u015fu adresten ula\u015fabilirsiniz:<\/p><p>Limon GmbH, B\u00f6hlstrasse 5, 9055 B\u00fchler AR, \u0130svi\u00e7re, +41 78 604 32 23, info[at]fishdoner.ch.<\/p>\t\t\t\t\t\t<\/div>\n\t\t\t\t<\/div>\n\t\t\t\t\t<\/div>\n\t\t\t\t<\/div>\n\t\t\t\t<\/div>\n\t\t","protected":false},"excerpt":{"rendered":"<p>GizlilikPolitikas\u0131. Kim oldu\u011fumuz Web sitemizin adresi:\u00a0https:\/\/fishdoner.com. Veri Sorumlusu: Limon GmbH, B\u00f6hlstrasse 5, 9055 B\u00fchler AR, \u0130svi\u00e7re, +41 78 604 32 23, info[at]fishdoner.ch.Veri Koruma G\u00f6revlisi Mahmut \u00d6zdemir&#8217;dir ve yukar\u0131daki adres ve e-posta \u00fczerinden ula\u015f\u0131labilir. Yorumlar Ziyaret\u00e7iler web sitesinde yorum b\u0131rakt\u0131\u011f\u0131nda, yorum formunda g\u00f6r\u00fcnen verileri, ziyaret\u00e7inin IP adresini ve taray\u0131c\u0131y\u0131 tan\u0131mlayan User-Agent dizgisini toplar\u0131z. Bu, spam tespitine [&hellip;]<\/p>\n","protected":false},"author":1,"featured_media":0,"parent":0,"menu_order":0,"comment_status":"closed","ping_status":"closed","template":"","meta":{"footnotes":""},"class_list":["post-1144","page","type-page","status-publish","hentry"],"_links":{"self":[{"href":"https:\/\/fishdoner.com\/index.php?rest_route=\/wp\/v2\/pages\/1144"}],"collection":[{"href":"https:\/\/fishdoner.com\/index.php?rest_route=\/wp\/v2\/pages"}],"about":[{"href":"https:\/\/fishdoner.com\/index.php?rest_route=\/wp\/v2\/types\/page"}],"author":[{"embeddable":true,"href":"https:\/\/fishdoner.com\/index.php?rest_route=\/wp\/v2\/users\/1"}],"replies":[{"embeddable":true,"href":"https:\/\/fishdoner.com\/index.php?rest_route=%2Fwp%2Fv2%2Fcomments&post=1144"}],"version-history":[{"count":22,"href":"https:\/\/fishdoner.com\/index.php?rest_route=\/wp\/v2\/pages\/1144\/revisions"}],"predecessor-version":[{"id":2166,"href":"https:\/\/fishdoner.com\/index.php?rest_route=\/wp\/v2\/pages\/1144\/revisions\/2166"}],"wp:attachment":[{"href":"https:\/\/fishdoner.com\/index.php?rest_route=%2Fwp%2Fv2%2Fmedia&parent=1144"}],"curies":[{"name":"wp","href":"https:\/\/api.w.org\/{rel}","templated":true}]}}