{"id":1524,"date":"2024-08-08T11:26:54","date_gmt":"2024-08-08T09:26:54","guid":{"rendered":"https:\/\/fishdoner.com\/?page_id=1524"},"modified":"2024-11-15T08:50:14","modified_gmt":"2024-11-15T07:50:14","slug":"impressum-tuerkisch","status":"publish","type":"page","link":"https:\/\/fishdoner.com\/?page_id=1524","title":{"rendered":"Impressum t\u00fcrkisch"},"content":{"rendered":"\t\t<div data-elementor-type=\"wp-page\" data-elementor-id=\"1524\" class=\"elementor elementor-1524\" data-elementor-post-type=\"page\">\n\t\t\t\t<div class=\"elementor-element elementor-element-bd62e14 e-flex e-con-boxed e-con e-parent\" data-id=\"bd62e14\" data-element_type=\"container\" data-settings=\"{&quot;background_background&quot;:&quot;classic&quot;}\">\n\t\t\t\t\t<div class=\"e-con-inner\">\n\t\t\t\t\t<\/div>\n\t\t\t\t<\/div>\n\t\t<div class=\"elementor-element elementor-element-e81945a e-flex e-con-boxed e-con e-parent\" data-id=\"e81945a\" data-element_type=\"container\">\n\t\t\t\t\t<div class=\"e-con-inner\">\n\t\t\t\t<div class=\"elementor-element elementor-element-4ce109b elementor-widget elementor-widget-heading\" data-id=\"4ce109b\" data-element_type=\"widget\" data-widget_type=\"heading.default\">\n\t\t\t\t<div class=\"elementor-widget-container\">\n\t\t\t<h2 class=\"elementor-heading-title elementor-size-default\">Impressum<span style=\"color: #dedd14\">.<\/span><\/h2>\t\t<\/div>\n\t\t\t\t<\/div>\n\t\t\t\t\t<\/div>\n\t\t\t\t<\/div>\n\t\t<div class=\"elementor-element elementor-element-584f60d elementor-hidden-desktop elementor-hidden-laptop elementor-hidden-tablet e-flex e-con-boxed e-con e-parent\" data-id=\"584f60d\" data-element_type=\"container\">\n\t\t\t\t\t<div class=\"e-con-inner\">\n\t\t\t\t<div class=\"elementor-element elementor-element-180c9cc elementor-widget elementor-widget-text-editor\" data-id=\"180c9cc\" data-element_type=\"widget\" data-widget_type=\"text-editor.default\">\n\t\t\t\t<div class=\"elementor-widget-container\">\n\t\t\t\t\t\t\t<h6>\u0130\u00e7erikten Sorumlu<\/h6><p>Limon GmbH, B\u00f6hlstrasse 5, 9055 B\u00fchler AR, \u0130svi\u00e7re, Telefon: +41 78 604 32 23, E-posta: info[at]fishdoner.ch.<\/p><h6>Kavram, Tasar\u0131m ve Uygulama<\/h6><p>Gallus Baer AG, Br\u00fchlgasse 25, 9000 St.Gallen, \u0130svi\u00e7re, Telefon: +41 71 554 66 99, <a href=\"http:\/\/www.gallusbaer.ch\" target=\"_blank\" rel=\"noopener\">www.gallusbaer.ch<\/a>.<\/p><h6>Feragatname<\/h6><h5><strong>\u0130\u00e7erik Sorumlulu\u011fu<\/strong><\/h5><p>Hizmet sa\u011flay\u0131c\u0131lar olarak, genel yasalara g\u00f6re bu sayfalardaki kendi i\u00e7eriklerimizden sorumluyuz. Bu web sitesindeki bilgileri g\u00fcncel ve do\u011fru tutmak i\u00e7in \u00e7aba g\u00f6steriyoruz. Ancak, i\u00e7eriklerin do\u011frulu\u011fu, eksiksizli\u011fi veya g\u00fcncelli\u011fi konusunda herhangi bir sorumluluk kabul etmiyoruz. Herhangi bir yasal ihlal fark edilirse, bu i\u00e7erikleri derhal kald\u0131raca\u011f\u0131z.<\/p><h5><strong>Ba\u011flant\u0131lar i\u00e7in Sorumluluk<\/strong><\/h5><p>Teklifimiz, \u00fc\u00e7\u00fcnc\u00fc \u015fah\u0131slar\u0131n harici web sitelerine ba\u011flant\u0131lar i\u00e7ermektedir; bu sitelerin i\u00e7erikleri \u00fczerinde hi\u00e7bir etkiye sahip de\u011filiz. Bu nedenle, bu harici i\u00e7erikler i\u00e7in herhangi bir garanti kabul edemeyiz. Ba\u011flant\u0131l\u0131 sayfalar\u0131n i\u00e7eriklerinden daima ilgili sa\u011flay\u0131c\u0131 veya i\u015fletmeci sorumludur. Ba\u011flant\u0131 verilen sayfalar, ba\u011flant\u0131 an\u0131nda olas\u0131 yasal ihlaller a\u00e7\u0131s\u0131ndan kontrol edilmi\u015ftir. Ba\u011flant\u0131 an\u0131nda yasal olmayan i\u00e7erikler tan\u0131nabilir de\u011fildi.<\/p><p>Ba\u011flant\u0131l\u0131 sayfalar\u0131n i\u00e7eriklerinin s\u00fcrekli kontrol\u00fc, yasal bir ihlalin somut kan\u0131t\u0131 olmadan makul de\u011fildir. Yasal ihlaller fark edilirse, bu t\u00fcr ba\u011flant\u0131lar\u0131 derhal kald\u0131raca\u011f\u0131z.<\/p><h5><strong>Telif Hakk\u0131<\/strong><\/h5><p>Bu sayfalardaki site operat\u00f6rleri taraf\u0131ndan olu\u015fturulan i\u00e7erik ve \u00e7al\u0131\u015fmalar \u0130svi\u00e7re telif hakk\u0131 yasas\u0131na tabidir. Telif hakk\u0131 s\u0131n\u0131rlar\u0131 d\u0131\u015f\u0131nda \u00e7o\u011faltma, i\u015fleme, da\u011f\u0131tma ve her t\u00fcrl\u00fc de\u011ferlendirme, ilgili yazar\u0131n veya yarat\u0131c\u0131n\u0131n yaz\u0131l\u0131 iznini gerektirir. Bu sitenin indirilmesi ve kopyalanmas\u0131 yaln\u0131zca \u00f6zel, ticari olmayan kullan\u0131m i\u00e7in izin verilir.<\/p><p>Bu sitedeki i\u00e7erik operat\u00f6r taraf\u0131ndan olu\u015fturulmad\u0131\u011f\u0131 s\u00fcrece, \u00fc\u00e7\u00fcnc\u00fc \u015fah\u0131slar\u0131n telif haklar\u0131na sayg\u0131 g\u00f6sterilir. \u00d6zellikle \u00fc\u00e7\u00fcnc\u00fc \u015fah\u0131slar\u0131n i\u00e7erikleri bu \u015fekilde i\u015faretlenir. Buna ra\u011fmen bir telif hakk\u0131 ihlalini fark ederseniz, l\u00fctfen bizi bilgilendirin. Yasal ihlaller fark edilirse, bu t\u00fcr i\u00e7erikleri derhal kald\u0131raca\u011f\u0131z.<\/p><h5><strong>Gizlilik Politikas\u0131<\/strong><\/h5><p>Ki\u015fisel verilerinizi nas\u0131l korudu\u011fumuz ve kulland\u0131\u011f\u0131m\u0131z hakk\u0131nda daha fazla bilgi almak i\u00e7in l\u00fctfen <a href=\"https:\/\/fishdoner.com\/?page_id=1144\" target=\"_blank\" rel=\"noopener\">Gizlilik Politikam\u0131z\u0131<\/a> okuyun.<\/p><h5><strong>Uyu\u015fmazl\u0131k \u00c7\u00f6z\u00fcm\u00fc<\/strong><\/h5><p>T\u00fcketici tahkim kurulu \u00f6n\u00fcnde uyu\u015fmazl\u0131k \u00e7\u00f6z\u00fcm prosed\u00fcrlerine kat\u0131lmakla ne y\u00fck\u00fcml\u00fcy\u00fcz ne de isteklili\u011fimiz var.<\/p><p>Herhangi bir ekleme veya d\u00fczenleme gerekiyorsa, l\u00fctfen bana bildirin!<\/p>\t\t\t\t\t\t<\/div>\n\t\t\t\t<\/div>\n\t\t\t\t\t<\/div>\n\t\t\t\t<\/div>\n\t\t<div class=\"elementor-element elementor-element-56225185 e-flex e-con-boxed e-con e-parent\" data-id=\"56225185\" data-element_type=\"container\">\n\t\t\t\t\t<div class=\"e-con-inner\">\n\t\t\t\t<div class=\"elementor-element elementor-element-12322e5c elementor-hidden-mobile elementor-widget elementor-widget-text-editor\" data-id=\"12322e5c\" data-element_type=\"widget\" data-widget_type=\"text-editor.default\">\n\t\t\t\t<div class=\"elementor-widget-container\">\n\t\t\t\t\t\t\t<h6>\u0130\u00e7erikten Sorumlu<\/h6><p>Limon GmbH, B\u00f6hlstrasse 5, 9055 B\u00fchler AR, \u0130svi\u00e7re, Telefon: +41 78 604 32 23, E-posta: info[at]fishdoner.ch.<\/p><h6>Kavram, Tasar\u0131m ve Uygulama<\/h6><p>Gallus Baer AG, Br\u00fchlgasse 25, 9000 St.Gallen, \u0130svi\u00e7re, Telefon: +41 71 554 66 99, <a href=\"http:\/\/www.gallusbaer.ch\" target=\"_blank\" rel=\"noopener\">www.gallusbaer.ch<\/a>.<\/p><h6>Feragatname<\/h6><h5><strong>\u0130\u00e7erik Sorumlulu\u011fu<\/strong><\/h5><p>Hizmet sa\u011flay\u0131c\u0131lar olarak, genel yasalara g\u00f6re bu sayfalardaki kendi i\u00e7eriklerimizden sorumluyuz. Bu web sitesindeki bilgileri g\u00fcncel ve do\u011fru tutmak i\u00e7in \u00e7aba g\u00f6steriyoruz. Ancak, i\u00e7eriklerin do\u011frulu\u011fu, eksiksizli\u011fi veya g\u00fcncelli\u011fi konusunda herhangi bir sorumluluk kabul etmiyoruz. Herhangi bir yasal ihlal fark edilirse, bu i\u00e7erikleri derhal kald\u0131raca\u011f\u0131z.<\/p><h5><strong>Ba\u011flant\u0131lar i\u00e7in Sorumluluk<\/strong><\/h5><p>Teklifimiz, \u00fc\u00e7\u00fcnc\u00fc \u015fah\u0131slar\u0131n harici web sitelerine ba\u011flant\u0131lar i\u00e7ermektedir; bu sitelerin i\u00e7erikleri \u00fczerinde hi\u00e7bir etkiye sahip de\u011filiz. Bu nedenle, bu harici i\u00e7erikler i\u00e7in herhangi bir garanti kabul edemeyiz. Ba\u011flant\u0131l\u0131 sayfalar\u0131n i\u00e7eriklerinden daima ilgili sa\u011flay\u0131c\u0131 veya i\u015fletmeci sorumludur. Ba\u011flant\u0131 verilen sayfalar, ba\u011flant\u0131 an\u0131nda olas\u0131 yasal ihlaller a\u00e7\u0131s\u0131ndan kontrol edilmi\u015ftir. Ba\u011flant\u0131 an\u0131nda yasal olmayan i\u00e7erikler tan\u0131nabilir de\u011fildi.<\/p><p>Ba\u011flant\u0131l\u0131 sayfalar\u0131n i\u00e7eriklerinin s\u00fcrekli kontrol\u00fc, yasal bir ihlalin somut kan\u0131t\u0131 olmadan makul de\u011fildir. Yasal ihlaller fark edilirse, bu t\u00fcr ba\u011flant\u0131lar\u0131 derhal kald\u0131raca\u011f\u0131z.<\/p><h5><strong>Telif Hakk\u0131<\/strong><\/h5><p>Bu sayfalardaki site operat\u00f6rleri taraf\u0131ndan olu\u015fturulan i\u00e7erik ve \u00e7al\u0131\u015fmalar \u0130svi\u00e7re telif hakk\u0131 yasas\u0131na tabidir. Telif hakk\u0131 s\u0131n\u0131rlar\u0131 d\u0131\u015f\u0131nda \u00e7o\u011faltma, i\u015fleme, da\u011f\u0131tma ve her t\u00fcrl\u00fc de\u011ferlendirme, ilgili yazar\u0131n veya yarat\u0131c\u0131n\u0131n yaz\u0131l\u0131 iznini gerektirir. Bu sitenin indirilmesi ve kopyalanmas\u0131 yaln\u0131zca \u00f6zel, ticari olmayan kullan\u0131m i\u00e7in izin verilir.<\/p><p>Bu sitedeki i\u00e7erik operat\u00f6r taraf\u0131ndan olu\u015fturulmad\u0131\u011f\u0131 s\u00fcrece, \u00fc\u00e7\u00fcnc\u00fc \u015fah\u0131slar\u0131n telif haklar\u0131na sayg\u0131 g\u00f6sterilir. \u00d6zellikle \u00fc\u00e7\u00fcnc\u00fc \u015fah\u0131slar\u0131n i\u00e7erikleri bu \u015fekilde i\u015faretlenir. Buna ra\u011fmen bir telif hakk\u0131 ihlalini fark ederseniz, l\u00fctfen bizi bilgilendirin. Yasal ihlaller fark edilirse, bu t\u00fcr i\u00e7erikleri derhal kald\u0131raca\u011f\u0131z.<\/p><h5><strong>Gizlilik Politikas\u0131<\/strong><\/h5><p>Ki\u015fisel verilerinizi nas\u0131l korudu\u011fumuz ve kulland\u0131\u011f\u0131m\u0131z hakk\u0131nda daha fazla bilgi almak i\u00e7in l\u00fctfen <a href=\"https:\/\/fishdoner.com\/?page_id=1144\" target=\"_blank\" rel=\"noopener\">Gizlilik Politikam\u0131z\u0131<\/a> okuyun.<\/p><h5><strong>Uyu\u015fmazl\u0131k \u00c7\u00f6z\u00fcm\u00fc<\/strong><\/h5><p>T\u00fcketici tahkim kurulu \u00f6n\u00fcnde uyu\u015fmazl\u0131k \u00e7\u00f6z\u00fcm prosed\u00fcrlerine kat\u0131lmakla ne y\u00fck\u00fcml\u00fcy\u00fcz ne de isteklili\u011fimiz var.<\/p><p>Herhangi bir ekleme veya d\u00fczenleme gerekiyorsa, l\u00fctfen bana bildirin!<\/p>\t\t\t\t\t\t<\/div>\n\t\t\t\t<\/div>\n\t\t\t\t\t<\/div>\n\t\t\t\t<\/div>\n\t\t\t\t<\/div>\n\t\t","protected":false},"excerpt":{"rendered":"<p>Impressum. \u0130\u00e7erikten Sorumlu Limon GmbH, B\u00f6hlstrasse 5, 9055 B\u00fchler AR, \u0130svi\u00e7re, Telefon: +41 78 604 32 23, E-posta: info[at]fishdoner.ch. Kavram, Tasar\u0131m ve Uygulama Gallus Baer AG, Br\u00fchlgasse 25, 9000 St.Gallen, \u0130svi\u00e7re, Telefon: +41 71 554 66 99, www.gallusbaer.ch. Feragatname \u0130\u00e7erik Sorumlulu\u011fu Hizmet sa\u011flay\u0131c\u0131lar olarak, genel yasalara g\u00f6re bu sayfalardaki kendi i\u00e7eriklerimizden sorumluyuz. Bu web sitesindeki [&hellip;]<\/p>\n","protected":false},"author":1,"featured_media":0,"parent":0,"menu_order":0,"comment_status":"closed","ping_status":"closed","template":"","meta":{"footnotes":""},"class_list":["post-1524","page","type-page","status-publish","hentry"],"_links":{"self":[{"href":"https:\/\/fishdoner.com\/index.php?rest_route=\/wp\/v2\/pages\/1524"}],"collection":[{"href":"https:\/\/fishdoner.com\/index.php?rest_route=\/wp\/v2\/pages"}],"about":[{"href":"https:\/\/fishdoner.com\/index.php?rest_route=\/wp\/v2\/types\/page"}],"author":[{"embeddable":true,"href":"https:\/\/fishdoner.com\/index.php?rest_route=\/wp\/v2\/users\/1"}],"replies":[{"embeddable":true,"href":"https:\/\/fishdoner.com\/index.php?rest_route=%2Fwp%2Fv2%2Fcomments&post=1524"}],"version-history":[{"count":19,"href":"https:\/\/fishdoner.com\/index.php?rest_route=\/wp\/v2\/pages\/1524\/revisions"}],"predecessor-version":[{"id":2175,"href":"https:\/\/fishdoner.com\/index.php?rest_route=\/wp\/v2\/pages\/1524\/revisions\/2175"}],"wp:attachment":[{"href":"https:\/\/fishdoner.com\/index.php?rest_route=%2Fwp%2Fv2%2Fmedia&parent=1524"}],"curies":[{"name":"wp","href":"https:\/\/api.w.org\/{rel}","templated":true}]}}