{"id":550,"date":"2024-08-06T10:55:22","date_gmt":"2024-08-06T08:55:22","guid":{"rendered":"https:\/\/fishdoner.com\/?page_id=550"},"modified":"2024-11-15T08:47:41","modified_gmt":"2024-11-15T07:47:41","slug":"datenschutzerklaerung","status":"publish","type":"page","link":"https:\/\/fishdoner.com\/?page_id=550","title":{"rendered":"Datenschutzerkl\u00e4rung deutsch"},"content":{"rendered":"\t\t<div data-elementor-type=\"wp-page\" data-elementor-id=\"550\" class=\"elementor elementor-550\" data-elementor-post-type=\"page\">\n\t\t\t\t<div class=\"elementor-element elementor-element-bd62e14 e-flex e-con-boxed e-con e-parent\" data-id=\"bd62e14\" data-element_type=\"container\" data-settings=\"{&quot;background_background&quot;:&quot;classic&quot;}\">\n\t\t\t\t\t<div class=\"e-con-inner\">\n\t\t\t\t\t<\/div>\n\t\t\t\t<\/div>\n\t\t<div class=\"elementor-element elementor-element-e81945a e-flex e-con-boxed e-con e-parent\" data-id=\"e81945a\" data-element_type=\"container\">\n\t\t\t\t\t<div class=\"e-con-inner\">\n\t\t\t\t<div class=\"elementor-element elementor-element-4ce109b elementor-widget elementor-widget-heading\" data-id=\"4ce109b\" data-element_type=\"widget\" data-widget_type=\"heading.default\">\n\t\t\t\t<div class=\"elementor-widget-container\">\n\t\t\t<h2 class=\"elementor-heading-title elementor-size-default\">Datenschutz-<br>erkl\u00e4rung<span style=\"color: #dedd14\">.<\/span><\/h2>\t\t<\/div>\n\t\t\t\t<\/div>\n\t\t\t\t\t<\/div>\n\t\t\t\t<\/div>\n\t\t<div class=\"elementor-element elementor-element-584f60d elementor-hidden-desktop elementor-hidden-laptop elementor-hidden-tablet e-flex e-con-boxed e-con e-parent\" data-id=\"584f60d\" data-element_type=\"container\">\n\t\t\t\t\t<div class=\"e-con-inner\">\n\t\t\t\t<div class=\"elementor-element elementor-element-180c9cc elementor-widget elementor-widget-text-editor\" data-id=\"180c9cc\" data-element_type=\"widget\" data-widget_type=\"text-editor.default\">\n\t\t\t\t<div class=\"elementor-widget-container\">\n\t\t\t\t\t\t\t<h6><strong>Wer wir sind<\/strong><\/h6><p>Die Adresse unserer Website lautet:\u00a0<a href=\"https:\/\/fishdoner.com\/\">https:\/\/fishdoner.com<\/a>.<br \/><br \/><\/p><h6><strong>Verantwortlicher f\u00fcr die Datenverarbeitung:<\/strong><\/h6><p>Limon GmbH, B\u00f6hlstrasse 5, 9055 B\u00fchler, Schweiz, +41 78 604 32 23, info[at]fishdoner.ch.<br \/>Der Datenschutzbeauftragte ist Mahmut \u00d6zdemir, erreichbar unter der oben genannten Adresse und E-Mail.<br \/><br \/><\/p><h6><strong>Kommentare<\/strong><\/h6><p>Wenn Besucher Kommentare auf der Website hinterlassen, sammeln wir die Daten, die im Kommentarformular angezeigt werden, sowie die IP-Adresse des Besuchers und den User-Agent-String (zur Identifizierung des Browsers). Dies dient der Unterst\u00fctzung bei der Erkennung von Spam.<\/p><p>Aus deiner E-Mail-Adresse kann eine anonymisierte Zeichenfolge (auch Hash genannt) erstellt und dem Gravatar-Dienst \u00fcbergeben werden, um zu pr\u00fcfen, ob du diesen benutzt. Die Datenschutzerkl\u00e4rung des Gravatar-Dienstes findest du\u00a0<a href=\"https:\/\/automattic.com\/privacy\/\">hier<\/a>. Nachdem dein Kommentar freigegeben wurde, ist dein Profilbild \u00f6ffentlich im Kontext deines Kommentars sichtbar.<br \/><br \/><\/p><h6><strong>Medien<\/strong><\/h6><p>Wenn du ein registrierter Benutzer bist und Fotos auf diese Website hochl\u00e4dst, solltest du vermeiden, Fotos mit EXIF-GPS-Standortdaten hochzuladen. Besucher dieser Website k\u00f6nnten Fotos herunterladen und deren Standortinformationen extrahieren.<br \/><br \/><\/p><h6><strong>Cookies<\/strong><\/h6><p>Wenn du einen Kommentar auf unserer Website schreibst, kannst du einwilligen, deinen Namen, deine E-Mail-Adresse und deine Website in Cookies zu speichern. Dies dient deinem Komfort, sodass du diese Daten nicht erneut eingeben musst, wenn du einen weiteren Kommentar schreibst. Diese Cookies werden ein Jahr lang gespeichert.<\/p><p>Falls du ein Konto hast und dich auf dieser Website anmeldest, setzen wir ein tempor\u00e4res Cookie, um festzustellen, ob dein Browser Cookies akzeptiert. Dieses Cookie enth\u00e4lt keine personenbezogenen Daten und wird verworfen, wenn du deinen Browser schliesst.<\/p><p>Wenn du dich anmeldest, richten wir einige Cookies ein, um deine Anmeldeinformationen und Anzeigeoptionen zu speichern. Anmelde-Cookies verfallen nach zwei Tagen, und Cookies f\u00fcr die Anzeigeoptionen nach einem Jahr. Wenn du \u201eAngemeldet bleiben\u201c ausw\u00e4hlst, bleibt deine Anmeldung zwei Wochen lang bestehen. Bei der Abmeldung aus deinem Konto werden die Anmelde-Cookies gel\u00f6scht.<\/p><p>Wenn du einen Artikel bearbeitest oder ver\u00f6ffentlichst, wird ein zus\u00e4tzlicher Cookie in deinem Browser gespeichert. Dieser Cookie enth\u00e4lt keine personenbezogenen Daten und verweist nur auf die Beitrags-ID des Artikels, den du gerade bearbeitet hast. Der Cookie verf\u00e4llt nach einem Tag.<br \/><br \/><\/p><h6><strong>Eingebettete Inhalte von anderen Websites<\/strong><\/h6><p>Beitr\u00e4ge auf dieser Website k\u00f6nnen eingebettete Inhalte beinhalten (z. B. Videos, Bilder, Beitr\u00e4ge etc.). Eingebettete Inhalte von anderen Websites verhalten sich genau so, als ob der Besucher die andere Website besucht h\u00e4tte.<\/p><p>Diese Websites k\u00f6nnen Daten \u00fcber dich sammeln, Cookies benutzen, zus\u00e4tzliche Tracking-Dienste von Dritten einbetten und deine Interaktion mit diesem eingebetteten Inhalt aufzeichnen, einschliesslich deiner Interaktion mit dem eingebetteten Inhalt, falls du ein Konto hast und auf dieser Website angemeldet bist.<br \/><br \/><\/p><h6><strong>Mit wem wir deine Daten teilen<\/strong><\/h6><p>Wenn du eine Zur\u00fccksetzung des Passworts anforderst, wird deine IP-Adresse in der E-Mail zur Zur\u00fccksetzung enthalten sein.<br \/><br \/><\/p><h6><strong>Wie lange wir deine Daten speichern<\/strong><\/h6><p>Wenn du einen Kommentar schreibst, wird dieser inklusive Metadaten unbegrenzt gespeichert. So k\u00f6nnen wir Folgekommentare automatisch erkennen und freigeben, anstatt sie in einer Moderations-Warteschlange festzuhalten.<\/p><p>F\u00fcr Benutzer, die sich auf unserer Website registrieren, speichern wir zus\u00e4tzlich die pers\u00f6nlichen Informationen, die sie in ihren Benutzerprofilen angeben. Alle Benutzer k\u00f6nnen jederzeit ihre pers\u00f6nlichen Informationen einsehen, ver\u00e4ndern oder l\u00f6schen (der Benutzername kann nicht ver\u00e4ndert werden). Administratoren der Website k\u00f6nnen diese Informationen ebenfalls einsehen und ver\u00e4ndern.<br \/><br \/><\/p><h6><strong>Welche Rechte du an deinen Daten hast<\/strong><\/h6><p>Wenn du ein Konto auf dieser Website besitzt oder Kommentare geschrieben hast, kannst du einen Export deiner personenbezogenen Daten bei uns anfordern, inklusive aller Daten, die du uns mitgeteilt hast. Dar\u00fcber hinaus kannst du die L\u00f6schung aller personenbezogenen Daten, die wir von dir gespeichert haben, anfordern. Dies umfasst nicht die Daten, die wir aufgrund administrativer, rechtlicher oder sicherheitsrelevanter Notwendigkeiten aufbewahren m\u00fcssen.<br \/><br \/><\/p><h6><strong>Wohin deine Daten gesendet werden<\/strong><\/h6><p>Besucher-Kommentare k\u00f6nnten von einem automatisierten Dienst zur Spam-Erkennung untersucht werden.<br \/><br \/><\/p><h6><strong>Rechtsgrundlagen der Verarbeitung<\/strong><\/h6><p>Die Verarbeitung Ihrer Daten erfolgt auf Basis Ihrer Einwilligung (Art. 6 Abs. 1 lit. a DSGVO), zur Erf\u00fcllung eines Vertrags (Art. 6 Abs. 1 lit. b DSGVO), zur Erf\u00fcllung einer rechtlichen Verpflichtung (Art. 6 Abs. 1 lit. c DSGVO) oder aufgrund unserer berechtigten Interessen (Art. 6 Abs. 1 lit. f DSGVO).<br \/><br \/><\/p><h6><strong>\u00dcbermittlung in Drittl\u00e4nder<\/strong><\/h6><p>Eine \u00dcbermittlung Ihrer personenbezogenen Daten in Drittl\u00e4nder erfolgt nur, wenn dies zur Erf\u00fcllung unserer vertraglichen Pflichten erforderlich ist, Sie uns Ihre Einwilligung erteilt haben oder eine gesetzliche Verpflichtung besteht. Hierbei gew\u00e4hrleisten wir, dass die Daten\u00fcbermittlung nur unter Einhaltung der gesetzlichen Datenschutzbestimmungen und mit entsprechenden Schutzmassnahmen erfolgt.<br \/><br \/><\/p><h6><strong>Beschwerderecht bei einer Aufsichtsbeh\u00f6rde<\/strong><\/h6><p>Sie haben das Recht, sich bei einer Datenschutzaufsichtsbeh\u00f6rde \u00fcber die Verarbeitung Ihrer personenbezogenen Daten durch uns zu beschweren.<br \/><br \/><\/p><h6><strong>Sicherheits-<br \/>massnahmen<\/strong><\/h6><p>Wir setzen technische und organisatorische Sicherheitsmassnahmen ein, um Ihre durch uns verwalteten Daten gegen zuf\u00e4llige oder vors\u00e4tzliche Manipulationen, Verlust, Zerst\u00f6rung oder gegen den Zugriff unberechtigter Personen zu sch\u00fctzen. Unsere Sicherheitsma\u00dfnahmen werden entsprechend der technologischen Entwicklung fortlaufend verbessert.<br \/><br \/><\/p><h6><strong>Automatisierte Entscheidungsfind-<br \/>ung und Profiling<\/strong><\/h6><p>Eine automatisierte Entscheidungsfindung oder ein Profiling gem\u00e4ss Art. 22 DSGVO findet nicht statt.<br \/><br \/><\/p><h6><strong>Kontaktinforma-<br \/>tionen<\/strong><\/h6><p>Falls Sie Fragen zum Datenschutz haben, erreichen Sie uns unter:<\/p><p>Limon GmbH, B\u00f6hlstrasse 5, 9055 B\u00fchler AR, Schweiz, +41 78 604 32 23, info[at]fishdoner.ch.<\/p>\t\t\t\t\t\t<\/div>\n\t\t\t\t<\/div>\n\t\t\t\t\t<\/div>\n\t\t\t\t<\/div>\n\t\t<div class=\"elementor-element elementor-element-56225185 e-flex e-con-boxed e-con e-parent\" data-id=\"56225185\" data-element_type=\"container\">\n\t\t\t\t\t<div class=\"e-con-inner\">\n\t\t\t\t<div class=\"elementor-element elementor-element-12322e5c elementor-hidden-mobile elementor-widget elementor-widget-text-editor\" data-id=\"12322e5c\" data-element_type=\"widget\" data-widget_type=\"text-editor.default\">\n\t\t\t\t<div class=\"elementor-widget-container\">\n\t\t\t\t\t\t\t<h6><strong>Wer wir sind<\/strong><\/h6><p>Die Adresse unserer Website lautet:\u00a0<a href=\"https:\/\/fishdoner.com\/\">https:\/\/fishdoner.com<\/a>.<\/p><h6><strong>Verantwortlicher f\u00fcr die Datenverarbeitung:<\/strong><\/h6><p>Limon GmbH, B\u00f6hlstrasse 5, 9055 B\u00fchler, Schweiz, +41 78 604 32 23, info[at]fishdoner.ch.<br \/>Der Datenschutzbeauftragte ist Mahmut \u00d6zdemir, erreichbar unter der oben genannten Adresse und E-Mail.<\/p><h6><strong>Kommentare<\/strong><\/h6><p>Wenn Besucher Kommentare auf der Website hinterlassen, sammeln wir die Daten, die im Kommentarformular angezeigt werden, sowie die IP-Adresse des Besuchers und den User-Agent-String (zur Identifizierung des Browsers). Dies dient der Unterst\u00fctzung bei der Erkennung von Spam.<\/p><p>Aus deiner E-Mail-Adresse kann eine anonymisierte Zeichenfolge (auch Hash genannt) erstellt und dem Gravatar-Dienst \u00fcbergeben werden, um zu pr\u00fcfen, ob du diesen benutzt. Die Datenschutzerkl\u00e4rung des Gravatar-Dienstes findest du\u00a0<a href=\"https:\/\/automattic.com\/privacy\/\">hier<\/a>. Nachdem dein Kommentar freigegeben wurde, ist dein Profilbild \u00f6ffentlich im Kontext deines Kommentars sichtbar.<\/p><h6><strong>Medien<\/strong><\/h6><p>Wenn du ein registrierter Benutzer bist und Fotos auf diese Website hochl\u00e4dst, solltest du vermeiden, Fotos mit EXIF-GPS-Standortdaten hochzuladen. Besucher dieser Website k\u00f6nnten Fotos herunterladen und deren Standortinformationen extrahieren.<\/p><h6><strong>Cookies<\/strong><\/h6><p>Wenn du einen Kommentar auf unserer Website schreibst, kannst du einwilligen, deinen Namen, deine E-Mail-Adresse und deine Website in Cookies zu speichern. Dies dient deinem Komfort, sodass du diese Daten nicht erneut eingeben musst, wenn du einen weiteren Kommentar schreibst. Diese Cookies werden ein Jahr lang gespeichert.<\/p><p>Falls du ein Konto hast und dich auf dieser Website anmeldest, setzen wir ein tempor\u00e4res Cookie, um festzustellen, ob dein Browser Cookies akzeptiert. Dieses Cookie enth\u00e4lt keine personenbezogenen Daten und wird verworfen, wenn du deinen Browser schliesst.<\/p><p>Wenn du dich anmeldest, richten wir einige Cookies ein, um deine Anmeldeinformationen und Anzeigeoptionen zu speichern. Anmelde-Cookies verfallen nach zwei Tagen, und Cookies f\u00fcr die Anzeigeoptionen nach einem Jahr. Wenn du \u201eAngemeldet bleiben\u201c ausw\u00e4hlst, bleibt deine Anmeldung zwei Wochen lang bestehen. Bei der Abmeldung aus deinem Konto werden die Anmelde-Cookies gel\u00f6scht.<\/p><p>Wenn du einen Artikel bearbeitest oder ver\u00f6ffentlichst, wird ein zus\u00e4tzlicher Cookie in deinem Browser gespeichert. Dieser Cookie enth\u00e4lt keine personenbezogenen Daten und verweist nur auf die Beitrags-ID des Artikels, den du gerade bearbeitet hast. Der Cookie verf\u00e4llt nach einem Tag.<\/p><h6><strong>Eingebettete Inhalte von anderen Websites<\/strong><\/h6><p>Beitr\u00e4ge auf dieser Website k\u00f6nnen eingebettete Inhalte beinhalten (z. B. Videos, Bilder, Beitr\u00e4ge etc.). Eingebettete Inhalte von anderen Websites verhalten sich genau so, als ob der Besucher die andere Website besucht h\u00e4tte.<\/p><p>Diese Websites k\u00f6nnen Daten \u00fcber dich sammeln, Cookies benutzen, zus\u00e4tzliche Tracking-Dienste von Dritten einbetten und deine Interaktion mit diesem eingebetteten Inhalt aufzeichnen, einschliesslich deiner Interaktion mit dem eingebetteten Inhalt, falls du ein Konto hast und auf dieser Website angemeldet bist.<\/p><h6><strong>Mit wem wir deine Daten teilen<\/strong><\/h6><p>Wenn du eine Zur\u00fccksetzung des Passworts anforderst, wird deine IP-Adresse in der E-Mail zur Zur\u00fccksetzung enthalten sein.<\/p><h6><strong>Wie lange wir deine Daten speichern<\/strong><\/h6><p>Wenn du einen Kommentar schreibst, wird dieser inklusive Metadaten unbegrenzt gespeichert. So k\u00f6nnen wir Folgekommentare automatisch erkennen und freigeben, anstatt sie in einer Moderations-Warteschlange festzuhalten.<\/p><p>F\u00fcr Benutzer, die sich auf unserer Website registrieren, speichern wir zus\u00e4tzlich die pers\u00f6nlichen Informationen, die sie in ihren Benutzerprofilen angeben. Alle Benutzer k\u00f6nnen jederzeit ihre pers\u00f6nlichen Informationen einsehen, ver\u00e4ndern oder l\u00f6schen (der Benutzername kann nicht ver\u00e4ndert werden). Administratoren der Website k\u00f6nnen diese Informationen ebenfalls einsehen und ver\u00e4ndern.<\/p><h6><strong>Welche Rechte du an deinen Daten hast<\/strong><\/h6><p>Wenn du ein Konto auf dieser Website besitzt oder Kommentare geschrieben hast, kannst du einen Export deiner personenbezogenen Daten bei uns anfordern, inklusive aller Daten, die du uns mitgeteilt hast. Dar\u00fcber hinaus kannst du die L\u00f6schung aller personenbezogenen Daten, die wir von dir gespeichert haben, anfordern. Dies umfasst nicht die Daten, die wir aufgrund administrativer, rechtlicher oder sicherheitsrelevanter Notwendigkeiten aufbewahren m\u00fcssen.<\/p><h6><strong>Wohin deine Daten gesendet werden<\/strong><\/h6><p>Besucher-Kommentare k\u00f6nnten von einem automatisierten Dienst zur Spam-Erkennung untersucht werden.<\/p><h6><strong>Rechtsgrundlagen der Verarbeitung<\/strong><\/h6><p>Die Verarbeitung Ihrer Daten erfolgt auf Basis Ihrer Einwilligung (Art. 6 Abs. 1 lit. a DSGVO), zur Erf\u00fcllung eines Vertrags (Art. 6 Abs. 1 lit. b DSGVO), zur Erf\u00fcllung einer rechtlichen Verpflichtung (Art. 6 Abs. 1 lit. c DSGVO) oder aufgrund unserer berechtigten Interessen (Art. 6 Abs. 1 lit. f DSGVO).<\/p><h6><strong>\u00dcbermittlung in Drittl\u00e4nder<\/strong><\/h6><p>Eine \u00dcbermittlung Ihrer personenbezogenen Daten in Drittl\u00e4nder erfolgt nur, wenn dies zur Erf\u00fcllung unserer vertraglichen Pflichten erforderlich ist, Sie uns Ihre Einwilligung erteilt haben oder eine gesetzliche Verpflichtung besteht. Hierbei gew\u00e4hrleisten wir, dass die Daten\u00fcbermittlung nur unter Einhaltung der gesetzlichen Datenschutzbestimmungen und mit entsprechenden Schutzmassnahmen erfolgt.<\/p><h6><strong>Beschwerderecht bei einer Aufsichtsbeh\u00f6rde<\/strong><\/h6><p>Sie haben das Recht, sich bei einer Datenschutzaufsichtsbeh\u00f6rde \u00fcber die Verarbeitung Ihrer personenbezogenen Daten durch uns zu beschweren.<\/p><h6><strong>Sicherheitsmassnahmen<\/strong><\/h6><p>Wir setzen technische und organisatorische Sicherheitsmassnahmen ein, um Ihre durch uns verwalteten Daten gegen zuf\u00e4llige oder vors\u00e4tzliche Manipulationen, Verlust, Zerst\u00f6rung oder gegen den Zugriff unberechtigter Personen zu sch\u00fctzen. Unsere Sicherheitsma\u00dfnahmen werden entsprechend der technologischen Entwicklung fortlaufend verbessert.<\/p><h6><strong>Automatisierte Entscheidungsfindung und Profiling<\/strong><\/h6><p>Eine automatisierte Entscheidungsfindung oder ein Profiling gem\u00e4ss Art. 22 DSGVO findet nicht statt.<\/p><h6><strong>Kontaktinformationen<\/strong><\/h6><p>Falls Sie Fragen zum Datenschutz haben, erreichen Sie uns unter:<\/p><p>Limon GmbH, B\u00f6hlstrasse 5, 9055 B\u00fchler AR, Schweiz, +41 78 604 32 23, info[at]fishdoner.ch.<\/p>\t\t\t\t\t\t<\/div>\n\t\t\t\t<\/div>\n\t\t\t\t\t<\/div>\n\t\t\t\t<\/div>\n\t\t\t\t<\/div>\n\t\t","protected":false},"excerpt":{"rendered":"<p>Datenschutz-erkl\u00e4rung. Wer wir sind Die Adresse unserer Website lautet:\u00a0https:\/\/fishdoner.com. Verantwortlicher f\u00fcr die Datenverarbeitung: Limon GmbH, B\u00f6hlstrasse 5, 9055 B\u00fchler, Schweiz, +41 78 604 32 23, info[at]fishdoner.ch.Der Datenschutzbeauftragte ist Mahmut \u00d6zdemir, erreichbar unter der oben genannten Adresse und E-Mail. Kommentare Wenn Besucher Kommentare auf der Website hinterlassen, sammeln wir die Daten, die im Kommentarformular angezeigt werden, [&hellip;]<\/p>\n","protected":false},"author":1,"featured_media":0,"parent":0,"menu_order":0,"comment_status":"closed","ping_status":"closed","template":"","meta":{"footnotes":""},"class_list":["post-550","page","type-page","status-publish","hentry"],"_links":{"self":[{"href":"https:\/\/fishdoner.com\/index.php?rest_route=\/wp\/v2\/pages\/550"}],"collection":[{"href":"https:\/\/fishdoner.com\/index.php?rest_route=\/wp\/v2\/pages"}],"about":[{"href":"https:\/\/fishdoner.com\/index.php?rest_route=\/wp\/v2\/types\/page"}],"author":[{"embeddable":true,"href":"https:\/\/fishdoner.com\/index.php?rest_route=\/wp\/v2\/users\/1"}],"replies":[{"embeddable":true,"href":"https:\/\/fishdoner.com\/index.php?rest_route=%2Fwp%2Fv2%2Fcomments&post=550"}],"version-history":[{"count":52,"href":"https:\/\/fishdoner.com\/index.php?rest_route=\/wp\/v2\/pages\/550\/revisions"}],"predecessor-version":[{"id":2160,"href":"https:\/\/fishdoner.com\/index.php?rest_route=\/wp\/v2\/pages\/550\/revisions\/2160"}],"wp:attachment":[{"href":"https:\/\/fishdoner.com\/index.php?rest_route=%2Fwp%2Fv2%2Fmedia&parent=550"}],"curies":[{"name":"wp","href":"https:\/\/api.w.org\/{rel}","templated":true}]}}